{"id":409,"date":"2025-02-12T12:33:23","date_gmt":"2025-02-12T12:33:23","guid":{"rendered":"https:\/\/ndachem.com\/?page_id=409"},"modified":"2025-02-13T07:56:10","modified_gmt":"2025-02-13T07:56:10","slug":"on-terbiye-ve-kasar-kimyasallari","status":"publish","type":"page","link":"https:\/\/ndachem.com\/?page_id=409","title":{"rendered":"\u00d6n Terbiye ve Kasar Kimyasallar\u0131"},"content":{"rendered":"\n<div class=\"wp-block-essential-blocks-accordion  root-eb-accordion-sk888\"><div class=\"eb-parent-wrapper eb-parent-eb-accordion-sk888 \"><div class=\"eb-accordion-container eb-accordion-sk888\" data-accordion-type=\"accordion\" data-tab-icon=\"dashicons-plus-alt2\" data-expanded-icon=\"dashicons-minus\" data-transition-duration=\"100\"><div class=\"eb-accordion-inner\">\n<div class=\"wp-block-essential-blocks-accordion-item eb-accordion-item-jbbes eb-accordion-wrapper\" data-clickable=\"true\"><div class=\"eb-accordion-title-wrapper eb-accordion-title-wrapper-eb-accordion-sk888\" tabindex=\"0\"><span class=\"eb-accordion-icon-wrapper eb-accordion-icon-wrapper-eb-accordion-sk888\"><span class=\"dashicon dashicons dashicons-plus-alt2 eb-accordion-icon\"><\/span><\/span><div class=\"eb-accordion-title-content-wrap title-content-eb-accordion-sk888\"><h5 class=\"eb-accordion-title\">WETTSPEED A<\/h5><\/div><\/div><div class=\"eb-accordion-content-wrapper eb-accordion-content-wrapper-eb-accordion-sk888\"><div class=\"eb-accordion-content\">\n<p>Noniyonik seri \u0131slat\u0131c\u0131, \u00e7ektirme ve kontin\u00fc proseslere uygundur.<\/p>\n\n\n\n<figure class=\"wp-block-image size-large\"><img loading=\"lazy\" decoding=\"async\" width=\"1024\" height=\"768\" src=\"https:\/\/ndachem.com\/wp-content\/uploads\/2024\/01\/4-1024x768.jpg\" alt=\"\" class=\"wp-image-198\" srcset=\"https:\/\/ndachem.com\/wp-content\/uploads\/2024\/01\/4-1024x768.jpg 1024w, https:\/\/ndachem.com\/wp-content\/uploads\/2024\/01\/4-300x225.jpg 300w, https:\/\/ndachem.com\/wp-content\/uploads\/2024\/01\/4-768x576.jpg 768w, https:\/\/ndachem.com\/wp-content\/uploads\/2024\/01\/4.jpg 1200w\" sizes=\"auto, (max-width: 1024px) 100vw, 1024px\" \/><\/figure>\n<\/div><\/div><\/div>\n\n\n\n<div class=\"wp-block-essential-blocks-accordion-item eb-accordion-item-xfxnw eb-accordion-wrapper\" data-clickable=\"false\"><div class=\"eb-accordion-title-wrapper eb-accordion-title-wrapper-eb-accordion-sk888\" tabindex=\"0\"><span class=\"eb-accordion-icon-wrapper eb-accordion-icon-wrapper-eb-accordion-sk888\"><span class=\"dashicon dashicons dashicons-plus-alt2 eb-accordion-icon\"><\/span><\/span><div class=\"eb-accordion-title-content-wrap title-content-eb-accordion-sk888\"><h5 class=\"eb-accordion-title\">WETTSPEED CONC<\/h5><\/div><\/div><div class=\"eb-accordion-content-wrapper eb-accordion-content-wrapper-eb-accordion-sk888\"><div class=\"eb-accordion-content\">\n<p>Konsantre noniyonik\u0131slat\u0131c\u0131, \u00e7ektirme ve kontin\u00fc proseslere uygundur.<\/p>\n<\/div><\/div><\/div>\n\n\n\n<div class=\"wp-block-essential-blocks-accordion-item eb-accordion-item-7e36t eb-accordion-wrapper\" data-clickable=\"false\"><div class=\"eb-accordion-title-wrapper eb-accordion-title-wrapper-eb-accordion-sk888\" tabindex=\"0\"><span class=\"eb-accordion-icon-wrapper eb-accordion-icon-wrapper-eb-accordion-sk888\"><span class=\"dashicon dashicons dashicons-plus-alt2 eb-accordion-icon\"><\/span><\/span><div class=\"eb-accordion-title-content-wrap title-content-eb-accordion-sk888\"><h5 class=\"eb-accordion-title\">NDWETT A-500<\/h5><\/div><\/div><div class=\"eb-accordion-content-wrapper eb-accordion-content-wrapper-eb-accordion-sk888\"><div class=\"eb-accordion-content\">\n<p>Hava giderici seri \u0131slatma \u00fcr\u00fcn\u00fc.<\/p>\n<\/div><\/div><\/div>\n\n\n\n<div class=\"wp-block-essential-blocks-accordion-item eb-accordion-item-ztszr eb-accordion-wrapper\" data-clickable=\"false\"><div class=\"eb-accordion-title-wrapper eb-accordion-title-wrapper-eb-accordion-sk888\" tabindex=\"0\"><span class=\"eb-accordion-icon-wrapper eb-accordion-icon-wrapper-eb-accordion-sk888\"><span class=\"dashicon dashicons dashicons-plus-alt2 eb-accordion-icon\"><\/span><\/span><div class=\"eb-accordion-title-content-wrap title-content-eb-accordion-sk888\"><h5 class=\"eb-accordion-title\">NDWETT HIDRO MERS<\/h5><\/div><\/div><div class=\"eb-accordion-content-wrapper eb-accordion-content-wrapper-eb-accordion-sk888\"><div class=\"eb-accordion-content\">\n<p>Islatma ve hidrofille\u015ftirme \u00fcr\u00fcn\u00fc.<\/p>\n<\/div><\/div><\/div>\n\n\n\n<div class=\"wp-block-essential-blocks-accordion-item eb-accordion-item-qa0bx eb-accordion-wrapper\" data-clickable=\"false\"><div class=\"eb-accordion-title-wrapper eb-accordion-title-wrapper-eb-accordion-sk888\" tabindex=\"0\"><span class=\"eb-accordion-icon-wrapper eb-accordion-icon-wrapper-eb-accordion-sk888\"><span class=\"dashicon dashicons dashicons-plus-alt2 eb-accordion-icon\"><\/span><\/span><div class=\"eb-accordion-title-content-wrap title-content-eb-accordion-sk888\"><h5 class=\"eb-accordion-title\">NDQUEST H<\/h5><\/div><\/div><div class=\"eb-accordion-content-wrapper eb-accordion-content-wrapper-eb-accordion-sk888\"><div class=\"eb-accordion-content\">\n<p>Fosfonat bazl\u0131 iyon tutucu.<\/p>\n<\/div><\/div><\/div>\n\n\n\n<div class=\"wp-block-essential-blocks-accordion-item eb-accordion-item-7qvcx eb-accordion-wrapper\" data-clickable=\"false\"><div class=\"eb-accordion-title-wrapper eb-accordion-title-wrapper-eb-accordion-sk888\" tabindex=\"0\"><span class=\"eb-accordion-icon-wrapper eb-accordion-icon-wrapper-eb-accordion-sk888\"><span class=\"dashicon dashicons dashicons-plus-alt2 eb-accordion-icon\"><\/span><\/span><div class=\"eb-accordion-title-content-wrap title-content-eb-accordion-sk888\"><h5 class=\"eb-accordion-title\">NDQUEST ATT<\/h5><\/div><\/div><div class=\"eb-accordion-content-wrapper eb-accordion-content-wrapper-eb-accordion-sk888\"><div class=\"eb-accordion-content\">\n<p>Akrilat bazl\u0131 iyon tutucu.<\/p>\n<\/div><\/div><\/div>\n\n\n\n<div class=\"wp-block-essential-blocks-accordion-item eb-accordion-item-uri95 eb-accordion-wrapper\" data-clickable=\"false\"><div class=\"eb-accordion-title-wrapper eb-accordion-title-wrapper-eb-accordion-sk888\" tabindex=\"0\"><span class=\"eb-accordion-icon-wrapper eb-accordion-icon-wrapper-eb-accordion-sk888\"><span class=\"dashicon dashicons dashicons-plus-alt2 eb-accordion-icon\"><\/span><\/span><div class=\"eb-accordion-title-content-wrap title-content-eb-accordion-sk888\"><h5 class=\"eb-accordion-title\">NDQUEST GOLD<\/h5><\/div><\/div><div class=\"eb-accordion-content-wrapper eb-accordion-content-wrapper-eb-accordion-sk888\"><div class=\"eb-accordion-content\">\n<p>Y\u00fcksek demir, kalsiyum ve magnezyum ba\u011flama kapasitesi ve iyi disperge efektine sahip \u00fcr\u00fcnd\u00fcr.<\/p>\n<\/div><\/div><\/div>\n\n\n\n<div class=\"wp-block-essential-blocks-accordion-item eb-accordion-item-qrp1q eb-accordion-wrapper\" data-clickable=\"false\"><div class=\"eb-accordion-title-wrapper eb-accordion-title-wrapper-eb-accordion-sk888\" tabindex=\"0\"><span class=\"eb-accordion-icon-wrapper eb-accordion-icon-wrapper-eb-accordion-sk888\"><span class=\"dashicon dashicons dashicons-plus-alt2 eb-accordion-icon\"><\/span><\/span><div class=\"eb-accordion-title-content-wrap title-content-eb-accordion-sk888\"><h5 class=\"eb-accordion-title\">CLEANER NX<\/h5><\/div><\/div><div class=\"eb-accordion-content-wrapper eb-accordion-content-wrapper-eb-accordion-sk888\"><div class=\"eb-accordion-content\">\n<p>Ya\u011f s\u00f6k\u00fcc\u00fc.<\/p>\n<\/div><\/div><\/div>\n\n\n\n<div class=\"wp-block-essential-blocks-accordion-item eb-accordion-item-wvmau eb-accordion-wrapper\" data-clickable=\"false\"><div class=\"eb-accordion-title-wrapper eb-accordion-title-wrapper-eb-accordion-sk888\" tabindex=\"0\"><span class=\"eb-accordion-icon-wrapper eb-accordion-icon-wrapper-eb-accordion-sk888\"><span class=\"dashicon dashicons dashicons-plus-alt2 eb-accordion-icon\"><\/span><\/span><div class=\"eb-accordion-title-content-wrap title-content-eb-accordion-sk888\"><h5 class=\"eb-accordion-title\">SOLAY CLEAN<\/h5><\/div><\/div><div class=\"eb-accordion-content-wrapper eb-accordion-content-wrapper-eb-accordion-sk888\"><div class=\"eb-accordion-content\">\n<p>Portakal kokulu ya\u011f s\u00f6k\u00fcc\u00fc.<\/p>\n<\/div><\/div><\/div>\n\n\n\n<div class=\"wp-block-essential-blocks-accordion-item eb-accordion-item-a7gcx eb-accordion-wrapper\" data-clickable=\"false\"><div class=\"eb-accordion-title-wrapper eb-accordion-title-wrapper-eb-accordion-sk888\" tabindex=\"0\"><span class=\"eb-accordion-icon-wrapper eb-accordion-icon-wrapper-eb-accordion-sk888\"><span class=\"dashicon dashicons dashicons-plus-alt2 eb-accordion-icon\"><\/span><\/span><div class=\"eb-accordion-title-content-wrap title-content-eb-accordion-sk888\"><h5 class=\"eb-accordion-title\">SOLAY GOLD CLEAN<\/h5><\/div><\/div><div class=\"eb-accordion-content-wrapper eb-accordion-content-wrapper-eb-accordion-sk888\"><div class=\"eb-accordion-content\">\n<p>Konsantre ya\u011f s\u00f6k\u00fcc\u00fc.<\/p>\n<\/div><\/div><\/div>\n\n\n\n<div class=\"wp-block-essential-blocks-accordion-item eb-accordion-item-vb6v5 eb-accordion-wrapper\" data-clickable=\"false\"><div class=\"eb-accordion-title-wrapper eb-accordion-title-wrapper-eb-accordion-sk888\" tabindex=\"0\"><span class=\"eb-accordion-icon-wrapper eb-accordion-icon-wrapper-eb-accordion-sk888\"><span class=\"dashicon dashicons dashicons-plus-alt2 eb-accordion-icon\"><\/span><\/span><div class=\"eb-accordion-title-content-wrap title-content-eb-accordion-sk888\"><h5 class=\"eb-accordion-title\">STABION NDA<\/h5><\/div><\/div><div class=\"eb-accordion-content-wrapper eb-accordion-content-wrapper-eb-accordion-sk888\"><div class=\"eb-accordion-content\">\n<p>Stabilizat\u00f6r.<\/p>\n<\/div><\/div><\/div>\n<\/div><\/div><\/div><\/div>\n\n\n\n<p><\/p>\n","protected":false},"excerpt":{"rendered":"","protected":false},"author":1,"featured_media":0,"parent":0,"menu_order":0,"comment_status":"closed","ping_status":"closed","template":"","meta":{"_eb_attr":"","footnotes":""},"class_list":["post-409","page","type-page","status-publish","hentry"],"_links":{"self":[{"href":"https:\/\/ndachem.com\/index.php?rest_route=\/wp\/v2\/pages\/409","targetHints":{"allow":["GET"]}}],"collection":[{"href":"https:\/\/ndachem.com\/index.php?rest_route=\/wp\/v2\/pages"}],"about":[{"href":"https:\/\/ndachem.com\/index.php?rest_route=\/wp\/v2\/types\/page"}],"author":[{"embeddable":true,"href":"https:\/\/ndachem.com\/index.php?rest_route=\/wp\/v2\/users\/1"}],"replies":[{"embeddable":true,"href":"https:\/\/ndachem.com\/index.php?rest_route=%2Fwp%2Fv2%2Fcomments&post=409"}],"version-history":[{"count":7,"href":"https:\/\/ndachem.com\/index.php?rest_route=\/wp\/v2\/pages\/409\/revisions"}],"predecessor-version":[{"id":434,"href":"https:\/\/ndachem.com\/index.php?rest_route=\/wp\/v2\/pages\/409\/revisions\/434"}],"wp:attachment":[{"href":"https:\/\/ndachem.com\/index.php?rest_route=%2Fwp%2Fv2%2Fmedia&parent=409"}],"curies":[{"name":"wp","href":"https:\/\/api.w.org\/{rel}","templated":true}]}}