{"id":414,"date":"2025-02-12T12:39:27","date_gmt":"2025-02-12T12:39:27","guid":{"rendered":"https:\/\/ndachem.com\/?page_id=414"},"modified":"2025-02-13T08:12:58","modified_gmt":"2025-02-13T08:12:58","slug":"apre-urunleri","status":"publish","type":"page","link":"https:\/\/ndachem.com\/?page_id=414","title":{"rendered":"Apre \u00dcr\u00fcnleri"},"content":{"rendered":"\n<div class=\"wp-block-essential-blocks-accordion  root-eb-accordion-sfi5s\"><div class=\"eb-parent-wrapper eb-parent-eb-accordion-sfi5s \"><div class=\"eb-accordion-container eb-accordion-sfi5s\" data-accordion-type=\"accordion\" data-tab-icon=\"dashicons-plus-alt2\" data-expanded-icon=\"dashicons-minus\" data-transition-duration=\"500\"><div class=\"eb-accordion-inner\">\n<div class=\"wp-block-essential-blocks-accordion-item eb-accordion-item-jbbes eb-accordion-wrapper\" data-clickable=\"true\"><div class=\"eb-accordion-title-wrapper eb-accordion-title-wrapper-eb-accordion-sfi5s\" tabindex=\"0\"><span class=\"eb-accordion-icon-wrapper eb-accordion-icon-wrapper-eb-accordion-sfi5s\"><span class=\"dashicon dashicons dashicons-plus-alt2 eb-accordion-icon\"><\/span><\/span><div class=\"eb-accordion-title-content-wrap title-content-eb-accordion-sfi5s\"><h3 class=\"eb-accordion-title\">HIDROSOFT ND<\/h3><\/div><\/div><div class=\"eb-accordion-content-wrapper eb-accordion-content-wrapper-eb-accordion-sfi5s\"><div class=\"eb-accordion-content\">\n<p>\u00c7ektirmeye uygun, hacimli, yumu\u015fak ve sararma yapmayan hidrofil yumu\u015fat\u0131c\u0131.<\/p>\n<\/div><\/div><\/div>\n\n\n\n<div class=\"wp-block-essential-blocks-accordion-item eb-accordion-item-xfxnw eb-accordion-wrapper\" data-clickable=\"false\"><div class=\"eb-accordion-title-wrapper eb-accordion-title-wrapper-eb-accordion-sfi5s\" tabindex=\"0\"><span class=\"eb-accordion-icon-wrapper eb-accordion-icon-wrapper-eb-accordion-sfi5s\"><span class=\"dashicon dashicons dashicons-plus-alt2 eb-accordion-icon\"><\/span><\/span><div class=\"eb-accordion-title-content-wrap title-content-eb-accordion-sfi5s\"><h3 class=\"eb-accordion-title\">HIDROPER HL<\/h3><\/div><\/div><div class=\"eb-accordion-content-wrapper eb-accordion-content-wrapper-eb-accordion-sfi5s\"><div class=\"eb-accordion-content\">\n<p>Y\u0131kama dayan\u0131m\u0131 y\u00fcksek, \u00e7ektirmeye uygun, silikonlu hidrofil yumu\u015fat\u0131c\u0131.<\/p>\n<\/div><\/div><\/div>\n\n\n\n<div class=\"wp-block-essential-blocks-accordion-item eb-accordion-item-7e36t eb-accordion-wrapper\" data-clickable=\"false\"><div class=\"eb-accordion-title-wrapper eb-accordion-title-wrapper-eb-accordion-sfi5s\" tabindex=\"0\"><span class=\"eb-accordion-icon-wrapper eb-accordion-icon-wrapper-eb-accordion-sfi5s\"><span class=\"dashicon dashicons dashicons-plus-alt2 eb-accordion-icon\"><\/span><\/span><div class=\"eb-accordion-title-content-wrap title-content-eb-accordion-sfi5s\"><h3 class=\"eb-accordion-title\">PERSOFT 330<\/h3><\/div><\/div><div class=\"eb-accordion-content-wrapper eb-accordion-content-wrapper-eb-accordion-sfi5s\"><div class=\"eb-accordion-content\">\n<p>Hidrofilik yumu\u015fat\u0131c\u0131.<\/p>\n<\/div><\/div><\/div>\n\n\n\n<div class=\"wp-block-essential-blocks-accordion-item eb-accordion-item-gw5wp eb-accordion-wrapper\" data-clickable=\"false\"><div class=\"eb-accordion-title-wrapper eb-accordion-title-wrapper-eb-accordion-sfi5s\" tabindex=\"0\"><span class=\"eb-accordion-icon-wrapper eb-accordion-icon-wrapper-eb-accordion-sfi5s\"><span class=\"dashicon dashicons dashicons-plus-alt2 eb-accordion-icon\"><\/span><\/span><div class=\"eb-accordion-title-content-wrap title-content-eb-accordion-sfi5s\"><h3 class=\"eb-accordion-title\">NDSIL GOLD S<\/h3><\/div><\/div><div class=\"eb-accordion-content-wrapper eb-accordion-content-wrapper-eb-accordion-sfi5s\"><div class=\"eb-accordion-content\">\n<p>Y\u0131kama dayan\u0131m\u0131 y\u00fcksek, sararma ve renk de\u011fi\u015fikli\u011fine sebebiyet vermeden kayganl\u0131k kazand\u0131ran \u00e7ektirmeye uygun hidrofil silikon.<\/p>\n<\/div><\/div><\/div>\n\n\n\n<div class=\"wp-block-essential-blocks-accordion-item eb-accordion-item-zf3qs eb-accordion-wrapper\" data-clickable=\"false\"><div class=\"eb-accordion-title-wrapper eb-accordion-title-wrapper-eb-accordion-sfi5s\" tabindex=\"0\"><span class=\"eb-accordion-icon-wrapper eb-accordion-icon-wrapper-eb-accordion-sfi5s\"><span class=\"dashicon dashicons dashicons-plus-alt2 eb-accordion-icon\"><\/span><\/span><div class=\"eb-accordion-title-content-wrap title-content-eb-accordion-sfi5s\"><h3 class=\"eb-accordion-title\">MAC SOFT 90<\/h3><\/div><\/div><div class=\"eb-accordion-content-wrapper eb-accordion-content-wrapper-eb-accordion-sfi5s\"><div class=\"eb-accordion-content\">\n<p>Her t\u00fcrl\u00fc elyafta kullan\u0131labilen makro silikon em\u00fclsiyonu.<\/p>\n<\/div><\/div><\/div>\n\n\n\n<div class=\"wp-block-essential-blocks-accordion-item eb-accordion-item-hbvhq eb-accordion-wrapper\" data-clickable=\"false\"><div class=\"eb-accordion-title-wrapper eb-accordion-title-wrapper-eb-accordion-sfi5s\" tabindex=\"0\"><span class=\"eb-accordion-icon-wrapper eb-accordion-icon-wrapper-eb-accordion-sfi5s\"><span class=\"dashicon dashicons dashicons-plus-alt2 eb-accordion-icon\"><\/span><\/span><div class=\"eb-accordion-title-content-wrap title-content-eb-accordion-sfi5s\"><h3 class=\"eb-accordion-title\">NDSOFT A-100<\/h3><\/div><\/div><div class=\"eb-accordion-content-wrapper eb-accordion-content-wrapper-eb-accordion-sfi5s\"><div class=\"eb-accordion-content\">\n<p>T\u00fcm elyaf \u00e7e\u015fitlerine uygun mikro silikon.<\/p>\n<\/div><\/div><\/div>\n\n\n\n<div class=\"wp-block-essential-blocks-accordion-item eb-accordion-item-d621i eb-accordion-wrapper\" data-clickable=\"false\"><div class=\"eb-accordion-title-wrapper eb-accordion-title-wrapper-eb-accordion-sfi5s\" tabindex=\"0\"><span class=\"eb-accordion-icon-wrapper eb-accordion-icon-wrapper-eb-accordion-sfi5s\"><span class=\"dashicon dashicons dashicons-plus-alt2 eb-accordion-icon\"><\/span><\/span><div class=\"eb-accordion-title-content-wrap title-content-eb-accordion-sfi5s\"><h3 class=\"eb-accordion-title\">PES SOFT-2<\/h3><\/div><\/div><div class=\"eb-accordion-content-wrapper eb-accordion-content-wrapper-eb-accordion-sfi5s\"><div class=\"eb-accordion-content\">\n<p>Her t\u00fcrl\u00fc boyal\u0131 ve bask\u0131l\u0131 \u00fcr\u00fcnlere uygulanabilen ipeksi tu\u015fe, kontin\u00fc prosese uygundur.<\/p>\n<\/div><\/div><\/div>\n\n\n\n<div class=\"wp-block-essential-blocks-accordion-item eb-accordion-item-rtuuf eb-accordion-wrapper\" data-clickable=\"false\"><div class=\"eb-accordion-title-wrapper eb-accordion-title-wrapper-eb-accordion-sfi5s\" tabindex=\"0\"><span class=\"eb-accordion-icon-wrapper eb-accordion-icon-wrapper-eb-accordion-sfi5s\"><span class=\"dashicon dashicons dashicons-plus-alt2 eb-accordion-icon\"><\/span><\/span><div class=\"eb-accordion-title-content-wrap title-content-eb-accordion-sfi5s\"><h3 class=\"eb-accordion-title\">PES SOFT HL<\/h3><\/div><\/div><div class=\"eb-accordion-content-wrapper eb-accordion-content-wrapper-eb-accordion-sfi5s\"><div class=\"eb-accordion-content\">\n<p>Y\u0131kama dayan\u0131m\u0131 y\u00fcksek, sararma yapmayan, \u00e7ektirmeye uygun her t\u00fcrl\u00fc elyafta kullan\u0131labilen ipeksi tu\u015fe.<\/p>\n<\/div><\/div><\/div>\n\n\n\n<div class=\"wp-block-essential-blocks-accordion-item eb-accordion-item-hxg38 eb-accordion-wrapper\" data-clickable=\"false\"><div class=\"eb-accordion-title-wrapper eb-accordion-title-wrapper-eb-accordion-sfi5s\" tabindex=\"0\"><span class=\"eb-accordion-icon-wrapper eb-accordion-icon-wrapper-eb-accordion-sfi5s\"><span class=\"dashicon dashicons dashicons-plus-alt2 eb-accordion-icon\"><\/span><\/span><div class=\"eb-accordion-title-content-wrap title-content-eb-accordion-sfi5s\"><h3 class=\"eb-accordion-title\">ANTISTAN A-90<\/h3><\/div><\/div><div class=\"eb-accordion-content-wrapper eb-accordion-content-wrapper-eb-accordion-sfi5s\"><div class=\"eb-accordion-content\">\n<p>Noniyonik yap\u0131da sararma yapmayan, diki\u015f kolayl\u0131\u011f\u0131 sa\u011flayan antistatik madde.<\/p>\n<\/div><\/div><\/div>\n\n\n\n<div class=\"wp-block-essential-blocks-accordion-item eb-accordion-item-ogldt eb-accordion-wrapper\" data-clickable=\"false\"><div class=\"eb-accordion-title-wrapper eb-accordion-title-wrapper-eb-accordion-sfi5s\" tabindex=\"0\"><span class=\"eb-accordion-icon-wrapper eb-accordion-icon-wrapper-eb-accordion-sfi5s\"><span class=\"dashicon dashicons dashicons-plus-alt2 eb-accordion-icon\"><\/span><\/span><div class=\"eb-accordion-title-content-wrap title-content-eb-accordion-sfi5s\"><h3 class=\"eb-accordion-title\">NDFINISH S<\/h3><\/div><\/div><div class=\"eb-accordion-content-wrapper eb-accordion-content-wrapper-eb-accordion-sfi5s\"><div class=\"eb-accordion-content\">\n<p>Elektriklenmeyi \u00f6nlemek amac\u0131 ile kullan\u0131lan anyonik yap\u0131da antistatik madde.<\/p>\n<\/div><\/div><\/div>\n\n\n\n<div class=\"wp-block-essential-blocks-accordion-item eb-accordion-item-tof55 eb-accordion-wrapper\" data-clickable=\"false\"><div class=\"eb-accordion-title-wrapper eb-accordion-title-wrapper-eb-accordion-sfi5s\" tabindex=\"0\"><span class=\"eb-accordion-icon-wrapper eb-accordion-icon-wrapper-eb-accordion-sfi5s\"><span class=\"dashicon dashicons dashicons-plus-alt2 eb-accordion-icon\"><\/span><\/span><div class=\"eb-accordion-title-content-wrap title-content-eb-accordion-sfi5s\"><h3 class=\"eb-accordion-title\">ANTISTAN GOLD A<\/h3><\/div><\/div><div class=\"eb-accordion-content-wrapper eb-accordion-content-wrapper-eb-accordion-sfi5s\"><div class=\"eb-accordion-content\">\n<p>Y\u00fcksek konsantrasyonlu noniyonik yap\u0131da sararma yapmayan, diki\u015f kolayl\u0131\u011f\u0131 sa\u011flayan antistatik madde.<\/p>\n<\/div><\/div><\/div>\n\n\n\n<div class=\"wp-block-essential-blocks-accordion-item eb-accordion-item-2fjen eb-accordion-wrapper\" data-clickable=\"false\"><div class=\"eb-accordion-title-wrapper eb-accordion-title-wrapper-eb-accordion-sfi5s\" tabindex=\"0\"><span class=\"eb-accordion-icon-wrapper eb-accordion-icon-wrapper-eb-accordion-sfi5s\"><span class=\"dashicon dashicons dashicons-plus-alt2 eb-accordion-icon\"><\/span><\/span><div class=\"eb-accordion-title-content-wrap title-content-eb-accordion-sfi5s\"><h3 class=\"eb-accordion-title\">APRE DRY ST<\/h3><\/div><\/div><div class=\"eb-accordion-content-wrapper eb-accordion-content-wrapper-eb-accordion-sfi5s\"><div class=\"eb-accordion-content\">\n<p>Her t\u00fcrl\u00fc elyaftan \u00f6rme kuma\u015flar\u0131n bask\u0131 ve terbiye i\u015flemleri s\u0131ras\u0131nda kenar k\u0131vr\u0131lmas\u0131n\u0131 \u00f6nlemek i\u00e7in kullan\u0131lan sertlik maddesi.<\/p>\n<\/div><\/div><\/div>\n\n\n\n<div class=\"wp-block-essential-blocks-accordion-item eb-accordion-item-4b7f8 eb-accordion-wrapper\" data-clickable=\"false\"><div class=\"eb-accordion-title-wrapper eb-accordion-title-wrapper-eb-accordion-sfi5s\" tabindex=\"0\"><span class=\"eb-accordion-icon-wrapper eb-accordion-icon-wrapper-eb-accordion-sfi5s\"><span class=\"dashicon dashicons dashicons-plus-alt2 eb-accordion-icon\"><\/span><\/span><div class=\"eb-accordion-title-content-wrap title-content-eb-accordion-sfi5s\"><h3 class=\"eb-accordion-title\">APRE DRY CONC<\/h3><\/div><\/div><div class=\"eb-accordion-content-wrapper eb-accordion-content-wrapper-eb-accordion-sfi5s\"><div class=\"eb-accordion-content\">\n<p>Her t\u00fcrl\u00fc elyafta kullan\u0131labilen dolgunluk ve sertlik maddesi.<\/p>\n<\/div><\/div><\/div>\n<\/div><\/div><\/div><\/div>\n\n\n\n<p><\/p>\n","protected":false},"excerpt":{"rendered":"","protected":false},"author":1,"featured_media":0,"parent":0,"menu_order":0,"comment_status":"closed","ping_status":"closed","template":"","meta":{"_eb_attr":"","footnotes":""},"class_list":["post-414","page","type-page","status-publish","hentry"],"_links":{"self":[{"href":"https:\/\/ndachem.com\/index.php?rest_route=\/wp\/v2\/pages\/414","targetHints":{"allow":["GET"]}}],"collection":[{"href":"https:\/\/ndachem.com\/index.php?rest_route=\/wp\/v2\/pages"}],"about":[{"href":"https:\/\/ndachem.com\/index.php?rest_route=\/wp\/v2\/types\/page"}],"author":[{"embeddable":true,"href":"https:\/\/ndachem.com\/index.php?rest_route=\/wp\/v2\/users\/1"}],"replies":[{"embeddable":true,"href":"https:\/\/ndachem.com\/index.php?rest_route=%2Fwp%2Fv2%2Fcomments&post=414"}],"version-history":[{"count":4,"href":"https:\/\/ndachem.com\/index.php?rest_route=\/wp\/v2\/pages\/414\/revisions"}],"predecessor-version":[{"id":441,"href":"https:\/\/ndachem.com\/index.php?rest_route=\/wp\/v2\/pages\/414\/revisions\/441"}],"wp:attachment":[{"href":"https:\/\/ndachem.com\/index.php?rest_route=%2Fwp%2Fv2%2Fmedia&parent=414"}],"curies":[{"name":"wp","href":"https:\/\/api.w.org\/{rel}","templated":true}]}}