{"id":419,"date":"2025-02-12T12:46:52","date_gmt":"2025-02-12T12:46:52","guid":{"rendered":"https:\/\/ndachem.com\/?page_id=419"},"modified":"2025-02-13T08:41:45","modified_gmt":"2025-02-13T08:41:45","slug":"teknik-urunler","status":"publish","type":"page","link":"https:\/\/ndachem.com\/?page_id=419","title":{"rendered":"Teknik \u00dcr\u00fcnler"},"content":{"rendered":"\n<div class=\"wp-block-essential-blocks-accordion  root-eb-accordion-911le\"><div class=\"eb-parent-wrapper eb-parent-eb-accordion-911le \"><div class=\"eb-accordion-container eb-accordion-911le\" data-accordion-type=\"accordion\" data-tab-icon=\"dashicons-plus-alt2\" data-expanded-icon=\"dashicons-minus\" data-transition-duration=\"500\"><div class=\"eb-accordion-inner\">\n<div class=\"wp-block-essential-blocks-accordion-item eb-accordion-item-jbbes eb-accordion-wrapper\" data-clickable=\"true\"><div class=\"eb-accordion-title-wrapper eb-accordion-title-wrapper-eb-accordion-911le\" tabindex=\"0\"><span class=\"eb-accordion-icon-wrapper eb-accordion-icon-wrapper-eb-accordion-911le\"><span class=\"dashicon dashicons dashicons-plus-alt2 eb-accordion-icon\"><\/span><\/span><div class=\"eb-accordion-title-content-wrap title-content-eb-accordion-911le\"><h3 class=\"eb-accordion-title\">DAISY ND<\/h3><\/div><\/div><div class=\"eb-accordion-content-wrapper eb-accordion-content-wrapper-eb-accordion-911le\"><div class=\"eb-accordion-content\">\n<p>WC, Lavabo temizleyici.<\/p>\n<\/div><\/div><\/div>\n\n\n\n<div class=\"wp-block-essential-blocks-accordion-item eb-accordion-item-xfxnw eb-accordion-wrapper\" data-clickable=\"false\"><div class=\"eb-accordion-title-wrapper eb-accordion-title-wrapper-eb-accordion-911le\" tabindex=\"0\"><span class=\"eb-accordion-icon-wrapper eb-accordion-icon-wrapper-eb-accordion-911le\"><span class=\"dashicon dashicons dashicons-plus-alt2 eb-accordion-icon\"><\/span><\/span><div class=\"eb-accordion-title-content-wrap title-content-eb-accordion-911le\"><h3 class=\"eb-accordion-title\">SHINE ND<\/h3><\/div><\/div><div class=\"eb-accordion-content-wrapper eb-accordion-content-wrapper-eb-accordion-911le\"><div class=\"eb-accordion-content\">\n<p>Al\u00fcminyum temizleyici ve parlat\u0131c\u0131.<\/p>\n<\/div><\/div><\/div>\n\n\n\n<div class=\"wp-block-essential-blocks-accordion-item eb-accordion-item-7e36t eb-accordion-wrapper\" data-clickable=\"false\"><div class=\"eb-accordion-title-wrapper eb-accordion-title-wrapper-eb-accordion-911le\" tabindex=\"0\"><span class=\"eb-accordion-icon-wrapper eb-accordion-icon-wrapper-eb-accordion-911le\"><span class=\"dashicon dashicons dashicons-plus-alt2 eb-accordion-icon\"><\/span><\/span><div class=\"eb-accordion-title-content-wrap title-content-eb-accordion-911le\"><h3 class=\"eb-accordion-title\">AQUA ND<\/h3><\/div><\/div><div class=\"eb-accordion-content-wrapper eb-accordion-content-wrapper-eb-accordion-911le\"><div class=\"eb-accordion-content\">\n<p>Suda \u00e7\u00f6z\u00fcnebilen konsantre ya\u011f s\u00f6k\u00fcc\u00fc.<\/p>\n<\/div><\/div><\/div>\n\n\n\n<div class=\"wp-block-essential-blocks-accordion-item eb-accordion-item-5eggg eb-accordion-wrapper\" data-clickable=\"false\"><div class=\"eb-accordion-title-wrapper eb-accordion-title-wrapper-eb-accordion-911le\" tabindex=\"0\"><span class=\"eb-accordion-icon-wrapper eb-accordion-icon-wrapper-eb-accordion-911le\"><span class=\"dashicon dashicons dashicons-plus-alt2 eb-accordion-icon\"><\/span><\/span><div class=\"eb-accordion-title-content-wrap title-content-eb-accordion-911le\"><h3 class=\"eb-accordion-title\">PRO ND CREAM<\/h3><\/div><\/div><div class=\"eb-accordion-content-wrapper eb-accordion-content-wrapper-eb-accordion-911le\"><div class=\"eb-accordion-content\">\n<p>Konsantre cilt temizleme kremi.<\/p>\n<\/div><\/div><\/div>\n\n\n\n<div class=\"wp-block-essential-blocks-accordion-item eb-accordion-item-4gwlp eb-accordion-wrapper\" data-clickable=\"false\"><div class=\"eb-accordion-title-wrapper eb-accordion-title-wrapper-eb-accordion-911le\" tabindex=\"0\"><span class=\"eb-accordion-icon-wrapper eb-accordion-icon-wrapper-eb-accordion-911le\"><span class=\"dashicon dashicons dashicons-plus-alt2 eb-accordion-icon\"><\/span><\/span><div class=\"eb-accordion-title-content-wrap title-content-eb-accordion-911le\"><h3 class=\"eb-accordion-title\">PRO ND CONC<\/h3><\/div><\/div><div class=\"eb-accordion-content-wrapper eb-accordion-content-wrapper-eb-accordion-911le\"><div class=\"eb-accordion-content\">\n<p>Konsantre cilt temizleme s\u0131v\u0131s\u0131.<\/p>\n<\/div><\/div><\/div>\n\n\n\n<div class=\"wp-block-essential-blocks-accordion-item eb-accordion-item-3jfwb eb-accordion-wrapper\" data-clickable=\"false\"><div class=\"eb-accordion-title-wrapper eb-accordion-title-wrapper-eb-accordion-911le\" tabindex=\"0\"><span class=\"eb-accordion-icon-wrapper eb-accordion-icon-wrapper-eb-accordion-911le\"><span class=\"dashicon dashicons dashicons-plus-alt2 eb-accordion-icon\"><\/span><\/span><div class=\"eb-accordion-title-content-wrap title-content-eb-accordion-911le\"><h3 class=\"eb-accordion-title\">WAX CLEANER<\/h3><\/div><\/div><div class=\"eb-accordion-content-wrapper eb-accordion-content-wrapper-eb-accordion-911le\"><div class=\"eb-accordion-content\">\n<p>Ya\u011f, gres, wax \u00e7\u00f6z\u00fcc\u00fc.<\/p>\n<\/div><\/div><\/div>\n\n\n\n<div class=\"wp-block-essential-blocks-accordion-item eb-accordion-item-46xsu eb-accordion-wrapper\" data-clickable=\"false\"><div class=\"eb-accordion-title-wrapper eb-accordion-title-wrapper-eb-accordion-911le\" tabindex=\"0\"><span class=\"eb-accordion-icon-wrapper eb-accordion-icon-wrapper-eb-accordion-911le\"><span class=\"dashicon dashicons dashicons-plus-alt2 eb-accordion-icon\"><\/span><\/span><div class=\"eb-accordion-title-content-wrap title-content-eb-accordion-911le\"><h3 class=\"eb-accordion-title\">CARBON CLEANER<\/h3><\/div><\/div><div class=\"eb-accordion-content-wrapper eb-accordion-content-wrapper-eb-accordion-911le\"><div class=\"eb-accordion-content\">\n<p>Yan\u0131k ya\u011f, is, kurum karbon s\u00f6k\u00fcc\u00fc.<\/p>\n<\/div><\/div><\/div>\n\n\n\n<div class=\"wp-block-essential-blocks-accordion-item eb-accordion-item-j0shh eb-accordion-wrapper\" data-clickable=\"false\"><div class=\"eb-accordion-title-wrapper eb-accordion-title-wrapper-eb-accordion-911le\" tabindex=\"0\"><span class=\"eb-accordion-icon-wrapper eb-accordion-icon-wrapper-eb-accordion-911le\"><span class=\"dashicon dashicons dashicons-plus-alt2 eb-accordion-icon\"><\/span><\/span><div class=\"eb-accordion-title-content-wrap title-content-eb-accordion-911le\"><h3 class=\"eb-accordion-title\">LIME ND<\/h3><\/div><\/div><div class=\"eb-accordion-content-wrapper eb-accordion-content-wrapper-eb-accordion-911le\"><div class=\"eb-accordion-content\">\n<p>Konsantre inhibit\u00f6r i\u00e7erikli kire\u00e7 \u00e7\u00f6z\u00fcc\u00fc.<\/p>\n<\/div><\/div><\/div>\n\n\n\n<div class=\"wp-block-essential-blocks-accordion-item eb-accordion-item-8vx1y eb-accordion-wrapper\" data-clickable=\"false\"><div class=\"eb-accordion-title-wrapper eb-accordion-title-wrapper-eb-accordion-911le\" tabindex=\"0\"><span class=\"eb-accordion-icon-wrapper eb-accordion-icon-wrapper-eb-accordion-911le\"><span class=\"dashicon dashicons dashicons-plus-alt2 eb-accordion-icon\"><\/span><\/span><div class=\"eb-accordion-title-content-wrap title-content-eb-accordion-911le\"><h3 class=\"eb-accordion-title\">LIME EXTRA<\/h3><\/div><\/div><div class=\"eb-accordion-content-wrapper eb-accordion-content-wrapper-eb-accordion-911le\"><div class=\"eb-accordion-content\">\n<p>Konsantre mineral tortu giderici.<\/p>\n<\/div><\/div><\/div>\n\n\n\n<div class=\"wp-block-essential-blocks-accordion-item eb-accordion-item-ujrht eb-accordion-wrapper\" data-clickable=\"false\"><div class=\"eb-accordion-title-wrapper eb-accordion-title-wrapper-eb-accordion-911le\" tabindex=\"0\"><span class=\"eb-accordion-icon-wrapper eb-accordion-icon-wrapper-eb-accordion-911le\"><span class=\"dashicon dashicons dashicons-plus-alt2 eb-accordion-icon\"><\/span><\/span><div class=\"eb-accordion-title-content-wrap title-content-eb-accordion-911le\"><h3 class=\"eb-accordion-title\">WATER SOFT 015<\/h3><\/div><\/div><div class=\"eb-accordion-content-wrapper eb-accordion-content-wrapper-eb-accordion-911le\"><div class=\"eb-accordion-content\">\n<p>Sistem su kire\u00e7 \u00f6nleyici.<\/p>\n<\/div><\/div><\/div>\n\n\n\n<div class=\"wp-block-essential-blocks-accordion-item eb-accordion-item-n6c48 eb-accordion-wrapper\" data-clickable=\"false\"><div class=\"eb-accordion-title-wrapper eb-accordion-title-wrapper-eb-accordion-911le\" tabindex=\"0\"><span class=\"eb-accordion-icon-wrapper eb-accordion-icon-wrapper-eb-accordion-911le\"><span class=\"dashicon dashicons dashicons-plus-alt2 eb-accordion-icon\"><\/span><\/span><div class=\"eb-accordion-title-content-wrap title-content-eb-accordion-911le\"><h3 class=\"eb-accordion-title\">ELC CLEAN<\/h3><\/div><\/div><div class=\"eb-accordion-content-wrapper eb-accordion-content-wrapper-eb-accordion-911le\"><div class=\"eb-accordion-content\">\n<p>Kontakt\u00f6r temizleyici sprey.<\/p>\n<\/div><\/div><\/div>\n\n\n\n<div class=\"wp-block-essential-blocks-accordion-item eb-accordion-item-zb0fs eb-accordion-wrapper\" data-clickable=\"false\"><div class=\"eb-accordion-title-wrapper eb-accordion-title-wrapper-eb-accordion-911le\" tabindex=\"0\"><span class=\"eb-accordion-icon-wrapper eb-accordion-icon-wrapper-eb-accordion-911le\"><span class=\"dashicon dashicons dashicons-plus-alt2 eb-accordion-icon\"><\/span><\/span><div class=\"eb-accordion-title-content-wrap title-content-eb-accordion-911le\"><h3 class=\"eb-accordion-title\">ELC COAT<\/h3><\/div><\/div><div class=\"eb-accordion-content-wrapper eb-accordion-content-wrapper-eb-accordion-911le\"><div class=\"eb-accordion-content\">\n<p>Elektrik pano koruyucu ya\u011f.<\/p>\n<\/div><\/div><\/div>\n\n\n\n<div class=\"wp-block-essential-blocks-accordion-item eb-accordion-item-6hah3 eb-accordion-wrapper\" data-clickable=\"false\"><div class=\"eb-accordion-title-wrapper eb-accordion-title-wrapper-eb-accordion-911le\" tabindex=\"0\"><span class=\"eb-accordion-icon-wrapper eb-accordion-icon-wrapper-eb-accordion-911le\"><span class=\"dashicon dashicons dashicons-plus-alt2 eb-accordion-icon\"><\/span><\/span><div class=\"eb-accordion-title-content-wrap title-content-eb-accordion-911le\"><h3 class=\"eb-accordion-title\">ND GUARD<\/h3><\/div><\/div><div class=\"eb-accordion-content-wrapper eb-accordion-content-wrapper-eb-accordion-911le\"><div class=\"eb-accordion-content\">\n<p>Pas ve korozyon \u00f6nleyici koruyucu ya\u011f.<\/p>\n<\/div><\/div><\/div>\n\n\n\n<div class=\"wp-block-essential-blocks-accordion-item eb-accordion-item-klvc9 eb-accordion-wrapper\" data-clickable=\"false\"><div class=\"eb-accordion-title-wrapper eb-accordion-title-wrapper-eb-accordion-911le\" tabindex=\"0\"><span class=\"eb-accordion-icon-wrapper eb-accordion-icon-wrapper-eb-accordion-911le\"><span class=\"dashicon dashicons dashicons-plus-alt2 eb-accordion-icon\"><\/span><\/span><div class=\"eb-accordion-title-content-wrap title-content-eb-accordion-911le\"><h3 class=\"eb-accordion-title\">POLY 26<\/h3><\/div><\/div><div class=\"eb-accordion-content-wrapper eb-accordion-content-wrapper-eb-accordion-911le\"><div class=\"eb-accordion-content\">\n<p>Konea ya\u011f.<\/p>\n<\/div><\/div><\/div>\n\n\n\n<div class=\"wp-block-essential-blocks-accordion-item eb-accordion-item-ijfrg eb-accordion-wrapper\" data-clickable=\"false\"><div class=\"eb-accordion-title-wrapper eb-accordion-title-wrapper-eb-accordion-911le\" tabindex=\"0\"><span class=\"eb-accordion-icon-wrapper eb-accordion-icon-wrapper-eb-accordion-911le\"><span class=\"dashicon dashicons dashicons-plus-alt2 eb-accordion-icon\"><\/span><\/span><div class=\"eb-accordion-title-content-wrap title-content-eb-accordion-911le\"><h3 class=\"eb-accordion-title\">ND 68 SLIDE<\/h3><\/div><\/div><div class=\"eb-accordion-content-wrapper eb-accordion-content-wrapper-eb-accordion-911le\"><div class=\"eb-accordion-content\">\n<p>K\u0131zak ya\u011f\u0131.<\/p>\n<\/div><\/div><\/div>\n\n\n\n<div class=\"wp-block-essential-blocks-accordion-item eb-accordion-item-xeeis eb-accordion-wrapper\" data-clickable=\"false\"><div class=\"eb-accordion-title-wrapper eb-accordion-title-wrapper-eb-accordion-911le\" tabindex=\"0\"><span class=\"eb-accordion-icon-wrapper eb-accordion-icon-wrapper-eb-accordion-911le\"><span class=\"dashicon dashicons dashicons-plus-alt2 eb-accordion-icon\"><\/span><\/span><div class=\"eb-accordion-title-content-wrap title-content-eb-accordion-911le\"><h3 class=\"eb-accordion-title\">NDA MOLD<\/h3><\/div><\/div><div class=\"eb-accordion-content-wrapper eb-accordion-content-wrapper-eb-accordion-911le\"><div class=\"eb-accordion-content\">\n<p>Silikon bazl\u0131 kal\u0131p ay\u0131r\u0131c\u0131.<\/p>\n<\/div><\/div><\/div>\n\n\n\n<div class=\"wp-block-essential-blocks-accordion-item eb-accordion-item-6y6ys eb-accordion-wrapper\" data-clickable=\"false\"><div class=\"eb-accordion-title-wrapper eb-accordion-title-wrapper-eb-accordion-911le\" tabindex=\"0\"><span class=\"eb-accordion-icon-wrapper eb-accordion-icon-wrapper-eb-accordion-911le\"><span class=\"dashicon dashicons dashicons-plus-alt2 eb-accordion-icon\"><\/span><\/span><div class=\"eb-accordion-title-content-wrap title-content-eb-accordion-911le\"><h3 class=\"eb-accordion-title\">NDA MOLD SOL<\/h3><\/div><\/div><div class=\"eb-accordion-content-wrapper eb-accordion-content-wrapper-eb-accordion-911le\"><div class=\"eb-accordion-content\">\n<p>Solvent bazl\u0131 kal\u0131p ay\u0131r\u0131c\u0131.<\/p>\n<\/div><\/div><\/div>\n\n\n\n<div class=\"wp-block-essential-blocks-accordion-item eb-accordion-item-9unlx eb-accordion-wrapper\" data-clickable=\"false\"><div class=\"eb-accordion-title-wrapper eb-accordion-title-wrapper-eb-accordion-911le\" tabindex=\"0\"><span class=\"eb-accordion-icon-wrapper eb-accordion-icon-wrapper-eb-accordion-911le\"><span class=\"dashicon dashicons dashicons-plus-alt2 eb-accordion-icon\"><\/span><\/span><div class=\"eb-accordion-title-content-wrap title-content-eb-accordion-911le\"><h3 class=\"eb-accordion-title\">OIL REMOVER<\/h3><\/div><\/div><div class=\"eb-accordion-content-wrapper eb-accordion-content-wrapper-eb-accordion-911le\"><div class=\"eb-accordion-content\">\n<p>Suda \u00e7\u00f6z\u00fcnebilen a\u011f\u0131r ya\u011f s\u00f6k\u00fcc\u00fc.<\/p>\n<\/div><\/div><\/div>\n\n\n\n<div class=\"wp-block-essential-blocks-accordion-item eb-accordion-item-cwsat eb-accordion-wrapper\" data-clickable=\"false\"><div class=\"eb-accordion-title-wrapper eb-accordion-title-wrapper-eb-accordion-911le\" tabindex=\"0\"><span class=\"eb-accordion-icon-wrapper eb-accordion-icon-wrapper-eb-accordion-911le\"><span class=\"dashicon dashicons dashicons-plus-alt2 eb-accordion-icon\"><\/span><\/span><div class=\"eb-accordion-title-content-wrap title-content-eb-accordion-911le\"><h3 class=\"eb-accordion-title\">ND \u2013 22<\/h3><\/div><\/div><div class=\"eb-accordion-content-wrapper eb-accordion-content-wrapper-eb-accordion-911le\"><div class=\"eb-accordion-content\">\n<p>Metal y\u00fczey haz\u0131rlay\u0131c\u0131.<\/p>\n<\/div><\/div><\/div>\n\n\n\n<div class=\"wp-block-essential-blocks-accordion-item eb-accordion-item-klike eb-accordion-wrapper\" data-clickable=\"false\"><div class=\"eb-accordion-title-wrapper eb-accordion-title-wrapper-eb-accordion-911le\" tabindex=\"0\"><span class=\"eb-accordion-icon-wrapper eb-accordion-icon-wrapper-eb-accordion-911le\"><span class=\"dashicon dashicons dashicons-plus-alt2 eb-accordion-icon\"><\/span><\/span><div class=\"eb-accordion-title-content-wrap title-content-eb-accordion-911le\"><h3 class=\"eb-accordion-title\">ND \u2013 58<\/h3><\/div><\/div><div class=\"eb-accordion-content-wrapper eb-accordion-content-wrapper-eb-accordion-911le\"><div class=\"eb-accordion-content\">\n<p>Metal y\u00fczey haz\u0131rlay\u0131c\u0131 ve fosfat kaplay\u0131c\u0131.<\/p>\n<\/div><\/div><\/div>\n\n\n\n<div class=\"wp-block-essential-blocks-accordion-item eb-accordion-item-328ub eb-accordion-wrapper\" data-clickable=\"false\"><div class=\"eb-accordion-title-wrapper eb-accordion-title-wrapper-eb-accordion-911le\" tabindex=\"0\"><span class=\"eb-accordion-icon-wrapper eb-accordion-icon-wrapper-eb-accordion-911le\"><span class=\"dashicon dashicons dashicons-plus-alt2 eb-accordion-icon\"><\/span><\/span><div class=\"eb-accordion-title-content-wrap title-content-eb-accordion-911le\"><h3 class=\"eb-accordion-title\">ND BEFORE<\/h3><\/div><\/div><div class=\"eb-accordion-content-wrapper eb-accordion-content-wrapper-eb-accordion-911le\"><div class=\"eb-accordion-content\">\n<p>Kaynak \u00f6ncesi \u00e7apak \u00f6nleme s\u0131v\u0131s\u0131.<\/p>\n<\/div><\/div><\/div>\n\n\n\n<div class=\"wp-block-essential-blocks-accordion-item eb-accordion-item-yydkp eb-accordion-wrapper\" data-clickable=\"false\"><div class=\"eb-accordion-title-wrapper eb-accordion-title-wrapper-eb-accordion-911le\" tabindex=\"0\"><span class=\"eb-accordion-icon-wrapper eb-accordion-icon-wrapper-eb-accordion-911le\"><span class=\"dashicon dashicons dashicons-plus-alt2 eb-accordion-icon\"><\/span><\/span><div class=\"eb-accordion-title-content-wrap title-content-eb-accordion-911le\"><h3 class=\"eb-accordion-title\">MARK CLEAN<\/h3><\/div><\/div><div class=\"eb-accordion-content-wrapper eb-accordion-content-wrapper-eb-accordion-911le\"><div class=\"eb-accordion-content\">\n<p>Paslanmaz \u00e7elik, kaynak izi temizleme s\u0131v\u0131s\u0131.<\/p>\n<\/div><\/div><\/div>\n\n\n\n<div class=\"wp-block-essential-blocks-accordion-item eb-accordion-item-ek3z7 eb-accordion-wrapper\" data-clickable=\"false\"><div class=\"eb-accordion-title-wrapper eb-accordion-title-wrapper-eb-accordion-911le\" tabindex=\"0\"><span class=\"eb-accordion-icon-wrapper eb-accordion-icon-wrapper-eb-accordion-911le\"><span class=\"dashicon dashicons dashicons-plus-alt2 eb-accordion-icon\"><\/span><\/span><div class=\"eb-accordion-title-content-wrap title-content-eb-accordion-911le\"><h3 class=\"eb-accordion-title\">MARK CLEAN JEL<\/h3><\/div><\/div><div class=\"eb-accordion-content-wrapper eb-accordion-content-wrapper-eb-accordion-911le\"><div class=\"eb-accordion-content\">\n<p>Paslanmaz \u00e7elik, kaynak izi temizleme jeli.<\/p>\n<\/div><\/div><\/div>\n<\/div><\/div><\/div><\/div>\n","protected":false},"excerpt":{"rendered":"","protected":false},"author":1,"featured_media":0,"parent":0,"menu_order":0,"comment_status":"closed","ping_status":"closed","template":"","meta":{"_eb_attr":"","footnotes":""},"class_list":["post-419","page","type-page","status-publish","hentry"],"_links":{"self":[{"href":"https:\/\/ndachem.com\/index.php?rest_route=\/wp\/v2\/pages\/419","targetHints":{"allow":["GET"]}}],"collection":[{"href":"https:\/\/ndachem.com\/index.php?rest_route=\/wp\/v2\/pages"}],"about":[{"href":"https:\/\/ndachem.com\/index.php?rest_route=\/wp\/v2\/types\/page"}],"author":[{"embeddable":true,"href":"https:\/\/ndachem.com\/index.php?rest_route=\/wp\/v2\/users\/1"}],"replies":[{"embeddable":true,"href":"https:\/\/ndachem.com\/index.php?rest_route=%2Fwp%2Fv2%2Fcomments&post=419"}],"version-history":[{"count":3,"href":"https:\/\/ndachem.com\/index.php?rest_route=\/wp\/v2\/pages\/419\/revisions"}],"predecessor-version":[{"id":454,"href":"https:\/\/ndachem.com\/index.php?rest_route=\/wp\/v2\/pages\/419\/revisions\/454"}],"wp:attachment":[{"href":"https:\/\/ndachem.com\/index.php?rest_route=%2Fwp%2Fv2%2Fmedia&parent=419"}],"curies":[{"name":"wp","href":"https:\/\/api.w.org\/{rel}","templated":true}]}}